{"id":105318,"date":"2024-05-07T19:52:01","date_gmt":"2024-05-07T17:52:01","guid":{"rendered":"https:\/\/www.upflinx.com\/terms\/"},"modified":"2024-05-28T14:56:01","modified_gmt":"2024-05-28T12:56:01","slug":"allgemeine-geschaeftsbedingungen-agb","status":"publish","type":"page","link":"https:\/\/www.upflinx.com\/de\/allgemeine-geschaeftsbedingungen-agb\/","title":{"rendered":"Allgemeine Gesch\u00e4ftsbedingungen (AGB)"},"content":{"rendered":"<div class=\"wpb-content-wrapper\"><p>[vc_row][vc_column][vc_column_text uncode_shortcode_id=&#8220;193682&#8243;]<\/p>\n<h1>Allgemeine Gesch\u00e4ftsbedingungen (AGB)<\/h1>\n<h2>\u00a7 1 Geltungsbereich, Begriffsdefinitionen<\/h2>\n<p>1.1 Diese Allgemeinen Gesch\u00e4ftsbedingungen (AGB) gelten f\u00fcr alle Bestellungen, die Verbraucher und Unternehmer (nachfolgend \u201eKunden\u201c) \u00fcber den Online-Shop von Florian Rockt\u00e4schel &#8211; UPFLINX, betrieben von Florian Rockt\u00e4schel, Marienbongard 24, 52062 Aachen, Deutschland (nachfolgend \u201eUPFLINX Webshop\u201c) aufgeben.<\/p>\n<p>1.2 Vertragssprache ist Deutsch. Die englische Version der Webseite dient nur als zus\u00e4tzliche Information und hat keinen rechtlich verbindlichen Charakter.<\/p>\n<p>1.3 \u201eVerbraucher\u201c im Sinne dieser Gesch\u00e4ftsbedingungen ist jede nat\u00fcrliche Person, die ein Rechtsgesch\u00e4ft zu Zwecken abschlie\u00dft, die \u00fcberwiegend weder ihrer gewerblichen noch ihrer selbst\u00e4ndigen beruflichen T\u00e4tigkeit zugerechnet werden k\u00f6nnen. \u201eUnternehmer\u201c ist eine nat\u00fcrliche oder juristische Person oder eine rechtsf\u00e4hige Personengesellschaft, die bei Abschluss eines Rechtsgesch\u00e4fts in Aus\u00fcbung ihrer gewerblichen oder selbst\u00e4ndigen beruflichen T\u00e4tigkeit handelt.<\/p>\n<h2>\u00a7 2 Zustandekommen der Vertr\u00e4ge, Speicherung des Vertragstextes<\/h2>\n<p>2.1 Die folgenden Regelungen \u00fcber den Vertragsabschluss gelten f\u00fcr Bestellungen \u00fcber unseren Online-Shop unter https:\/\/www.upflinx.com.<\/p>\n<p>2.2 Unsere Produktdarstellungen im Internet sind unverbindlich und kein verbindliches Angebot zum Abschluss eines Vertrages.<\/p>\n<p>2.3 Bei Eingang einer Bestellung in unserem Online-Shop gelten folgende Regelungen: Der Kunde gibt ein bindendes Vertragsangebot ab, indem er die in unserem Online-Shop vorgesehene Bestellprozedur erfolgreich durchl\u00e4uft. Die Bestellung erfolgt in folgenden Schritten:<\/p>\n<ul>\n<li>Auswahl der digitalen G\u00fcter oder der gew\u00e4hlten Dienstleistung(en),<\/li>\n<li>Hinzuf\u00fcgen der Produkte durch Anklicken des entsprechenden Buttons (z.B. \u201eIn den Warenkorb\u201c, \u201eIn die Einkaufstasche\u201c o.\u00e4.),<\/li>\n<li>Pr\u00fcfung der Angaben im Warenkorb,<\/li>\n<li>Aufrufen der Bestell\u00fcbersicht durch Anklicken des entsprechenden Buttons (z.B. \u201eWeiter zur Kasse\u201c, \u201eWeiter zur Zahlung\u201c, \u201eZur Bestell\u00fcbersicht\u201c o.\u00e4.),<\/li>\n<li>Eingabe\/Pr\u00fcfung der Adress- und Kontaktdaten, Auswahl der Zahlungsart, Best\u00e4tigung der AGB und Widerrufsbelehrung,<\/li>\n<li>Abschluss der Bestellung durch Bet\u00e4tigung des Buttons \u201eJetzt Kaufen\u201c. Dies stellt Ihre verbindliche Bestellung dar.<\/li>\n<li>Der Vertrag kommt zustande, indem Ihnen innerhalb von drei Werktagen an die angegebene E-Mail-Adresse eine Bestellbest\u00e4tigung von uns zugeht.<\/li>\n<\/ul>\n<p>2.4 Im Falle des Vertragsschlusses kommt der Vertrag mit UPFLINX, Florian Rockt\u00e4schel, Marienbongard 24, 52062 Aachen, Deutschland zustande.<\/p>\n<p>2.5 Vor der Bestellung k\u00f6nnen die Vertragsdaten \u00fcber die Druckfunktion des Browsers ausgedruckt oder elektronisch gesichert werden. Die Abwicklung der Bestellung und \u00dcbermittlung aller im Zusammenhang mit dem Vertragsschluss erforderlichen Informationen, insbesondere der Bestelldaten, der AGB und der Widerrufsbelehrung, erfolgt per E-Mail nach dem Ausl\u00f6sen der Bestellung durch Sie, zum Teil automatisiert. Wir speichern den Vertragstext nach Vertragsschluss nicht.<\/p>\n<p>2.6 Eingabefehler k\u00f6nnen mittels der \u00fcblichen Tastatur-, Maus- und Browser-Funktionen (z.B. \u00bbZur\u00fcck-Button\u00ab des Browsers) berichtigt werden. Sie k\u00f6nnen auch dadurch berichtigt werden, dass Sie den Bestellvorgang vorzeitig abbrechen, das Browserfenster schlie\u00dfen und den Vorgang wiederholen.<\/p>\n<p>2.7 Die Abwicklung der Bestellung und \u00dcbermittlung aller im Zusammenhang mit dem Vertragsschluss erforderlichen Informationen erfolgt per E-Mail zum Teil automatisiert. Sie haben deshalb sicherzustellen, dass die von Ihnen bei uns hinterlegte E-Mail-Adresse zutreffend ist, der Empfang der E-Mails technisch sichergestellt und insbesondere nicht durch SPAM-Filter verhindert wird.<\/p>\n<h2>\u00a7 3 Gegenstand des Vertrages und wesentliche Merkmale der Produkte<\/h2>\n<p>3.1 Bei unserem Online-Shop ist Vertragsgegenstand:<\/p>\n<p>Der Verkauf von digitalen G\u00fctern, z.B. Software oder Mediendownloads. Die konkret angebotenen digitalen G\u00fcter k\u00f6nnen Sie unseren Artikelseiten entnehmen.<br \/>\nDie Erbringung von Dienstleistungen. Die konkret angebotenen Dienstleistungen k\u00f6nnen Sie unseren Artikelseiten entnehmen.<\/p>\n<p>3.2 Die wesentlichen Merkmale der digitalen G\u00fcter und Dienstleistungen finden sich in der Artikelbeschreibung. Sofern die vereinbarte Beschaffenheit der Ware von deren \u00fcblichen Beschaffenheit und Verwendungsvoraussetzungen abweicht, wird darauf in der Artikelbeschreibung ausdr\u00fccklich hingewiesen (negative Beschaffenheitsvereinbarung). Soweit der Kunde seine ausdr\u00fcckliche Einwilligung in die negative Beschaffenheitsabweichung erteilt hat, definiert diese den Vertragsgegenstand.<\/p>\n<p>3.3 F\u00fcr den Verkauf digitaler Produkte gelten die aus der Produktbeschreibung ersichtlichen oder sich sonst aus den Umst\u00e4nden ergebenden Beschr\u00e4nkungen, insbesondere zu Hard- und\/oder Softwareanforderungen an die Zielumgebung. Wenn nicht ausdr\u00fccklich etwas anderes vereinbart ist, ist Vertragsgegenstand nur die private und gewerbliche Nutzung der Produkte ohne das Recht zur Weiterver\u00e4u\u00dferung oder Unterlizensierung.<\/p>\n<h2>\u00a7 4 Preise, Versandkosten und Lieferung<\/h2>\n<p>4.1 Die in den jeweiligen Angeboten angef\u00fchrten Preise sowie die Versandkosten sind Gesamtpreise und beinhalten alle Preisbestandteile einschlie\u00dflich aller anfallenden Steuern.<\/p>\n<p>4.2 Der jeweilige Kaufpreis ist vor der Lieferung des Produktes zu leisten (Vorkasse), es sei denn, wir bieten ausdr\u00fccklich den Kauf auf Rechnung an. Die Ihnen zur Verf\u00fcgung stehenden Zahlungsarten sind unter einer entsprechend bezeichneten Schaltfl\u00e4che im Online-Shop oder im jeweiligen Angebot ausgewiesen. Soweit bei den einzelnen Zahlungsarten nicht anders angegeben, sind die Zahlungsanspr\u00fcche sofort zur Zahlung f\u00e4llig.<\/p>\n<p>4.3 Zus\u00e4tzlich zu den angegebenen Preisen k\u00f6nnen f\u00fcr die Lieferung von Produkten Versandkosten anfallen, sofern der jeweilige Artikel nicht als versandkostenfrei ausgewiesen ist. Die Versandkosten werden Ihnen auf den Angeboten, ggf. im Warenkorbsystem und auf der Bestell\u00fcbersicht nochmals deutlich mitgeteilt.<\/p>\n<p>4.4 Alle angebotenen Produkte sind, sofern nicht in der Produktbeschreibung deutlich anders angegeben, sofort versandfertig.<\/p>\n<p>4.5 Es bestehen die folgenden Liefergebietsbeschr\u00e4nkungen: Die Lieferung erfolgt in folgende L\u00e4nder: \u00d6sterreich, Belgien, Bulgarien, Zypern, Tschechische Republik, Deutschland, D\u00e4nemark, Estland, Spanien, Finnland, Frankreich, Griechenland, Kroatien, Ungarn, Irland, Italien, Litauen, Luxemburg, Lettland, Malta, Niederlande, Polen, Portugal, Rum\u00e4nien, Schweden, Slowenien, Slowakei.<\/p>\n<h2>\u00a7 5 Zur\u00fcckbehaltungsrecht<\/h2>\n<p>5.1 Ein Zur\u00fcckbehaltungsrecht k\u00f6nnen Sie nur aus\u00fcben, soweit es sich um Forderungen aus demselben Vertragsverh\u00e4ltnis handelt.<\/p>\n<h2>\u00a7 6 Widerrufsbelehrung f\u00fcr den Erwerb digitaler Inhalte f\u00fcr Verbraucher<\/h2>\n<p>6.1 Sie haben das Recht, binnen vierzehn Tagen ohne Angabe von Gr\u00fcnden diesen Vertrag zu widerrufen. Die Widerrufsfrist betr\u00e4gt vierzehn Tage ab dem Tag des Vertragsschlusses.<\/p>\n<p>6.2 Um Ihr Widerrufsrecht auszu\u00fcben, m\u00fcssen Sie uns<\/p>\n<p>Florian Rockt\u00e4schel &#8211; UPFLINX<br \/>\nMarienbongard 24<br \/>\n52062 Aachen<\/p>\n<p>open@upflinx.de<br \/>\n+49 (0) 241 89 43 89 17<\/p>\n<p>mittels einer eindeutigen Erkl\u00e4rung (z. B. ein mit der Post versandter Brief oder E-Mail) \u00fcber Ihren Entschluss, diesen Vertrag zu widerrufen, informieren.<\/p>\n<p>6.3 Zur Wahrung der Widerrufsfrist reicht es aus, dass Sie die Mitteilung \u00fcber die Aus\u00fcbung des Widerrufsrechts vor Ablauf der Widerrufsfrist absenden.<\/p>\n<h3>Folgen des Widerrufs<\/h3>\n<p>6.4 Wenn Sie diesen Vertrag widerrufen, haben wir Ihnen alle Zahlungen, die wir von Ihnen erhalten haben, einschlie\u00dflich der Lieferkosten (mit Ausnahme der zus\u00e4tzlichen Kosten, die sich daraus ergeben, dass Sie eine andere Art der Lieferung als die von uns angebotene, g\u00fcnstigste Standardlieferung gew\u00e4hlt haben), unverz\u00fcglich und sp\u00e4testens binnen vierzehn Tagen ab dem Tag zur\u00fcckzuzahlen, an dem die Mitteilung \u00fcber Ihren Widerruf dieses Vertrags bei uns eingegangen ist. F\u00fcr diese R\u00fcckzahlung verwenden wir dasselbe Zahlungsmittel, das Sie bei der urspr\u00fcnglichen Transaktion eingesetzt haben, es sei denn, mit Ihnen wurde ausdr\u00fccklich etwas anderes vereinbart; in keinem Fall werden Ihnen wegen dieser R\u00fcckzahlung Entgelte berechnet.<\/p>\n<h3>Erl\u00f6schen des Widerrufsrechts<\/h3>\n<p>6.5 Das Widerrufsrecht erlischt bei einem Vertrag \u00fcber die Lieferung von nicht auf einem k\u00f6rperlichen Datentr\u00e4ger befindlichen digitalen Inhalten, wenn wir mit der Ausf\u00fchrung des Vertrags begonnen haben, nachdem Sie ausdr\u00fccklich zugestimmt haben, dass wir mit der Ausf\u00fchrung des Vertrags vor Ablauf der Widerrufsfrist beginnen, und Ihre Kenntnis davon best\u00e4tigt haben, dass Sie durch Ihre Zustimmung mit Beginn der Ausf\u00fchrung des Vertrags Ihr Widerrufsrecht verlieren.<\/p>\n<h2>\u00a7 7 Vertragssprache<\/h2>\n<p>7.1 Als Vertragssprache steht ausschlie\u00dflich Deutsch zur Verf\u00fcgung.<\/p>\n<h2>\u00a7 8 Haftung<\/h2>\n<p>8.1 Die Haftung f\u00fcr Vorsatz und grobe Fahrl\u00e4ssigkeit ist unbeschr\u00e4nkt.<\/p>\n<p>8.2 Bei leicht fahrl\u00e4ssiger Verletzung wesentlicher Vertragspflichten ist die Haftung der H\u00f6he nach beschr\u00e4nkt auf vorhersehbare und vertragstypische Sch\u00e4den. Wesentliche Vertragspflichten sind solche, deren Erf\u00fcllung die ordnungsgem\u00e4\u00dfe Durchf\u00fchrung des Vertrages \u00fcberhaupt erst erm\u00f6glicht und auf deren Einhaltung die verletzte Partei regelm\u00e4\u00dfig vertrauen darf. Die Verj\u00e4hrungsfrist f\u00fcr Anspr\u00fcche nach diesem Absatz betr\u00e4gt ein Jahr, wenn die andere Partei nicht Verbraucher im Sinne von \u00a7 13 BGB ist.<\/p>\n<p>8.3 Absatz 2 gilt nicht f\u00fcr Anspr\u00fcche aus der Verletzung des K\u00f6rpers, der Gesundheit oder des Lebens, bei arglistigem Handeln, bei \u00dcbernahme einer Garantie, bei Haftung f\u00fcr anf\u00e4ngliches Unverm\u00f6gen oder zu vertretender Unm\u00f6glichkeit sowie f\u00fcr Anspr\u00fcche nach dem Produkthaftungsgesetz.<\/p>\n<p>8.4 Im \u00dcbrigen ist die Haftung &#8211; gleich aus welchem Rechtsgrund &#8211; ausgeschlossen.<\/p>\n<p>8.5 Unterl\u00e4sst es der Kunde beim Kauf einer Ware mit digitalen Elementen oder beim Kauf digitaler Produkte (digitale Inhalte und Dienstleistungen), eine Aktualisierung, die ihm bereitgestellt und \u00fcber deren Verf\u00fcgbarkeit er informiert worden ist, innerhalb einer angemessenen Frist zu installieren, so haften wir nicht f\u00fcr einen Sachmangel, der allein auf das Fehlen dieser Aktualisierung zur\u00fcckzuf\u00fchren ist.<\/p>\n<h2>\u00a7 9 Gew\u00e4hrleistung<\/h2>\n<p>9.1 Die Gew\u00e4hrleistung richtet sich nach den gesetzlichen Bestimmungen.<\/p>\n<p>9.2 Gegen\u00fcber Unternehmern betr\u00e4gt die Gew\u00e4hrleistungsfrist auf gelieferte Sachen 12 Monate.<\/p>\n<p>9.3 Als Verbraucher werden Sie gebeten, die Sache\/die digitalen G\u00fcter oder die erbrachte Dienstleistung bei Vertragserf\u00fcllung umgehend auf Vollst\u00e4ndigkeit, offensichtliche M\u00e4ngel und Transportsch\u00e4den zu \u00fcberpr\u00fcfen und uns sowie dem Spediteur Beanstandungen schnellstm\u00f6glich mitzuteilen. Kommen Sie dem nicht nach, hat dies keine Auswirkung auf Ihre gesetzlichen Gew\u00e4hrleistungsanspr\u00fcche.<\/p>\n<h2>\u00a7 10 Schlussbestimmungen\/Streitbeilegung<\/h2>\n<p>10.1 Es gilt deutsches Recht. Bei Verbrauchern gilt diese Rechtswahl nur, soweit hierdurch der durch zwingende Bestimmungen des Rechts des Staates des gew\u00f6hnlichen Aufenthaltes des Verbrauchers gew\u00e4hrte Schutz nicht entzogen wird (G\u00fcnstigkeitsprinzip).<\/p>\n<p>10.2 Die Bestimmungen des UN-Kaufrechts finden ausdr\u00fccklich keine Anwendung.<\/p>\n<p>10.3 Sofern es sich beim Kunden um einen Kaufmann, eine juristische Person des \u00f6ffentlichen Rechts oder um ein \u00f6ffentlich-rechtliches Sonderverm\u00f6gen handelt, ist Gerichtsstand f\u00fcr alle Streitigkeiten aus Vertragsverh\u00e4ltnissen zwischen dem Kunden und dem Anbieter der Sitz des Anbieters.<\/p>\n<p>10.4 Die Europ\u00e4ische Kommission stellt eine Plattform f\u00fcr die Online-Streitbeilegung (OS) bereit, die unter <a href=\"https:\/\/ec.europa.eu\/consumers\/odr\">https:\/\/ec.europa.eu\/consumers\/odr<\/a> zug\u00e4nglich ist. Wir sind weder verpflichtet noch bereit, an Streitbeilegungsverfahren vor einer Verbraucherschlichtungsstelle teilzunehmen.[\/vc_column_text][\/vc_column][\/vc_row]<\/p>\n<\/div>","protected":false},"excerpt":{"rendered":"<p>[vc_row][vc_column][vc_column_text uncode_shortcode_id=&#8220;193682&#8243;] Allgemeine Gesch\u00e4ftsbedingungen (AGB) \u00a7 1 Geltungsbereich, Begriffsdefinitionen 1.1 Diese Allgemeinen Gesch\u00e4ftsbedingungen (AGB) gelten f\u00fcr alle Bestellungen, die Verbraucher [&hellip;]<\/p>\n","protected":false},"author":1,"featured_media":0,"parent":0,"menu_order":0,"comment_status":"closed","ping_status":"closed","template":"","meta":{"_acf_changed":false,"footnotes":""},"class_list":["post-105318","page","type-page","status-publish","hentry"],"acf":[],"yoast_head":"<!-- This site is optimized with the Yoast SEO plugin v27.3 - https:\/\/yoast.com\/product\/yoast-seo-wordpress\/ -->\n<title>Allgemeine Gesch\u00e4ftsbedingungen (AGB) - UPFLINX<\/title>\n<meta name=\"robots\" content=\"index, nofollow, max-snippet:-1, max-image-preview:large, max-video-preview:-1\" \/>\n<link rel=\"canonical\" href=\"https:\/\/www.upflinx.com\/de\/allgemeine-geschaeftsbedingungen-agb\/\" \/>\n<meta property=\"og:locale\" content=\"de_DE\" \/>\n<meta property=\"og:type\" content=\"article\" \/>\n<meta property=\"og:title\" content=\"Allgemeine Gesch\u00e4ftsbedingungen (AGB) - UPFLINX\" \/>\n<meta property=\"og:description\" content=\"[vc_row][vc_column][vc_column_text uncode_shortcode_id=&#8220;193682&#8243;] Allgemeine Gesch\u00e4ftsbedingungen (AGB) \u00a7 1 Geltungsbereich, Begriffsdefinitionen 1.1 Diese Allgemeinen Gesch\u00e4ftsbedingungen (AGB) gelten f\u00fcr alle Bestellungen, die Verbraucher [&hellip;]\" \/>\n<meta property=\"og:url\" content=\"https:\/\/www.upflinx.com\/de\/allgemeine-geschaeftsbedingungen-agb\/\" \/>\n<meta property=\"og:site_name\" content=\"UPFLINX\" \/>\n<meta property=\"article:publisher\" content=\"https:\/\/www.facebook.com\/profile.php?id=100089848283873\" \/>\n<meta property=\"article:modified_time\" content=\"2024-05-28T12:56:01+00:00\" \/>\n<meta name=\"twitter:card\" content=\"summary_large_image\" \/>\n<meta name=\"twitter:site\" content=\"@upflinx\" \/>\n<meta name=\"twitter:label1\" content=\"Gesch\u00e4tzte Lesezeit\" \/>\n\t<meta name=\"twitter:data1\" content=\"7\u00a0Minuten\" \/>\n<script type=\"application\/ld+json\" class=\"yoast-schema-graph\">{\"@context\":\"https:\\\/\\\/schema.org\",\"@graph\":[{\"@type\":\"WebPage\",\"@id\":\"https:\\\/\\\/www.upflinx.com\\\/de\\\/allgemeine-geschaeftsbedingungen-agb\\\/\",\"url\":\"https:\\\/\\\/www.upflinx.com\\\/de\\\/allgemeine-geschaeftsbedingungen-agb\\\/\",\"name\":\"Allgemeine Gesch\u00e4ftsbedingungen (AGB) - UPFLINX\",\"isPartOf\":{\"@id\":\"https:\\\/\\\/www.upflinx.com\\\/de\\\/#website\"},\"datePublished\":\"2024-05-07T17:52:01+00:00\",\"dateModified\":\"2024-05-28T12:56:01+00:00\",\"breadcrumb\":{\"@id\":\"https:\\\/\\\/www.upflinx.com\\\/de\\\/allgemeine-geschaeftsbedingungen-agb\\\/#breadcrumb\"},\"inLanguage\":\"de\",\"potentialAction\":[{\"@type\":\"ReadAction\",\"target\":[\"https:\\\/\\\/www.upflinx.com\\\/de\\\/allgemeine-geschaeftsbedingungen-agb\\\/\"]}]},{\"@type\":\"BreadcrumbList\",\"@id\":\"https:\\\/\\\/www.upflinx.com\\\/de\\\/allgemeine-geschaeftsbedingungen-agb\\\/#breadcrumb\",\"itemListElement\":[{\"@type\":\"ListItem\",\"position\":1,\"name\":\"Home\",\"item\":\"https:\\\/\\\/www.upflinx.com\\\/de\\\/\"},{\"@type\":\"ListItem\",\"position\":2,\"name\":\"Allgemeine Gesch\u00e4ftsbedingungen (AGB)\"}]},{\"@type\":\"WebSite\",\"@id\":\"https:\\\/\\\/www.upflinx.com\\\/de\\\/#website\",\"url\":\"https:\\\/\\\/www.upflinx.com\\\/de\\\/\",\"name\":\"UPFLINX\",\"description\":\"Future of HR with People and AI in Sync\",\"publisher\":{\"@id\":\"https:\\\/\\\/www.upflinx.com\\\/de\\\/#organization\"},\"potentialAction\":[{\"@type\":\"SearchAction\",\"target\":{\"@type\":\"EntryPoint\",\"urlTemplate\":\"https:\\\/\\\/www.upflinx.com\\\/de\\\/?s={search_term_string}\"},\"query-input\":{\"@type\":\"PropertyValueSpecification\",\"valueRequired\":true,\"valueName\":\"search_term_string\"}}],\"inLanguage\":\"de\"},{\"@type\":\"Organization\",\"@id\":\"https:\\\/\\\/www.upflinx.com\\\/de\\\/#organization\",\"name\":\"UPFLINX\",\"url\":\"https:\\\/\\\/www.upflinx.com\\\/de\\\/\",\"logo\":{\"@type\":\"ImageObject\",\"inLanguage\":\"de\",\"@id\":\"https:\\\/\\\/www.upflinx.com\\\/de\\\/#\\\/schema\\\/logo\\\/image\\\/\",\"url\":\"https:\\\/\\\/www.upflinx.com\\\/wp-content\\\/uploads\\\/2023\\\/06\\\/Logo_RGB.png\",\"contentUrl\":\"https:\\\/\\\/www.upflinx.com\\\/wp-content\\\/uploads\\\/2023\\\/06\\\/Logo_RGB.png\",\"width\":1298,\"height\":231,\"caption\":\"UPFLINX\"},\"image\":{\"@id\":\"https:\\\/\\\/www.upflinx.com\\\/de\\\/#\\\/schema\\\/logo\\\/image\\\/\"},\"sameAs\":[\"https:\\\/\\\/www.facebook.com\\\/profile.php?id=100089848283873\",\"https:\\\/\\\/x.com\\\/upflinx\",\"https:\\\/\\\/www.linkedin.com\\\/company\\\/upflinx\",\"https:\\\/\\\/www.tiktok.com\\\/@upflinx\"]}]}<\/script>\n<!-- \/ Yoast SEO plugin. -->","yoast_head_json":{"title":"Allgemeine Gesch\u00e4ftsbedingungen (AGB) - UPFLINX","robots":{"index":"index","follow":"nofollow","max-snippet":"max-snippet:-1","max-image-preview":"max-image-preview:large","max-video-preview":"max-video-preview:-1"},"canonical":"https:\/\/www.upflinx.com\/de\/allgemeine-geschaeftsbedingungen-agb\/","og_locale":"de_DE","og_type":"article","og_title":"Allgemeine Gesch\u00e4ftsbedingungen (AGB) - UPFLINX","og_description":"[vc_row][vc_column][vc_column_text uncode_shortcode_id=&#8220;193682&#8243;] Allgemeine Gesch\u00e4ftsbedingungen (AGB) \u00a7 1 Geltungsbereich, Begriffsdefinitionen 1.1 Diese Allgemeinen Gesch\u00e4ftsbedingungen (AGB) gelten f\u00fcr alle Bestellungen, die Verbraucher [&hellip;]","og_url":"https:\/\/www.upflinx.com\/de\/allgemeine-geschaeftsbedingungen-agb\/","og_site_name":"UPFLINX","article_publisher":"https:\/\/www.facebook.com\/profile.php?id=100089848283873","article_modified_time":"2024-05-28T12:56:01+00:00","twitter_card":"summary_large_image","twitter_site":"@upflinx","twitter_misc":{"Gesch\u00e4tzte Lesezeit":"7\u00a0Minuten"},"schema":{"@context":"https:\/\/schema.org","@graph":[{"@type":"WebPage","@id":"https:\/\/www.upflinx.com\/de\/allgemeine-geschaeftsbedingungen-agb\/","url":"https:\/\/www.upflinx.com\/de\/allgemeine-geschaeftsbedingungen-agb\/","name":"Allgemeine Gesch\u00e4ftsbedingungen (AGB) - UPFLINX","isPartOf":{"@id":"https:\/\/www.upflinx.com\/de\/#website"},"datePublished":"2024-05-07T17:52:01+00:00","dateModified":"2024-05-28T12:56:01+00:00","breadcrumb":{"@id":"https:\/\/www.upflinx.com\/de\/allgemeine-geschaeftsbedingungen-agb\/#breadcrumb"},"inLanguage":"de","potentialAction":[{"@type":"ReadAction","target":["https:\/\/www.upflinx.com\/de\/allgemeine-geschaeftsbedingungen-agb\/"]}]},{"@type":"BreadcrumbList","@id":"https:\/\/www.upflinx.com\/de\/allgemeine-geschaeftsbedingungen-agb\/#breadcrumb","itemListElement":[{"@type":"ListItem","position":1,"name":"Home","item":"https:\/\/www.upflinx.com\/de\/"},{"@type":"ListItem","position":2,"name":"Allgemeine Gesch\u00e4ftsbedingungen (AGB)"}]},{"@type":"WebSite","@id":"https:\/\/www.upflinx.com\/de\/#website","url":"https:\/\/www.upflinx.com\/de\/","name":"UPFLINX","description":"Future of HR with People and AI in Sync","publisher":{"@id":"https:\/\/www.upflinx.com\/de\/#organization"},"potentialAction":[{"@type":"SearchAction","target":{"@type":"EntryPoint","urlTemplate":"https:\/\/www.upflinx.com\/de\/?s={search_term_string}"},"query-input":{"@type":"PropertyValueSpecification","valueRequired":true,"valueName":"search_term_string"}}],"inLanguage":"de"},{"@type":"Organization","@id":"https:\/\/www.upflinx.com\/de\/#organization","name":"UPFLINX","url":"https:\/\/www.upflinx.com\/de\/","logo":{"@type":"ImageObject","inLanguage":"de","@id":"https:\/\/www.upflinx.com\/de\/#\/schema\/logo\/image\/","url":"https:\/\/www.upflinx.com\/wp-content\/uploads\/2023\/06\/Logo_RGB.png","contentUrl":"https:\/\/www.upflinx.com\/wp-content\/uploads\/2023\/06\/Logo_RGB.png","width":1298,"height":231,"caption":"UPFLINX"},"image":{"@id":"https:\/\/www.upflinx.com\/de\/#\/schema\/logo\/image\/"},"sameAs":["https:\/\/www.facebook.com\/profile.php?id=100089848283873","https:\/\/x.com\/upflinx","https:\/\/www.linkedin.com\/company\/upflinx","https:\/\/www.tiktok.com\/@upflinx"]}]}},"featured_image_src":null,"featured_image_src_square":null,"_links":{"self":[{"href":"https:\/\/www.upflinx.com\/de\/wp-json\/wp\/v2\/pages\/105318","targetHints":{"allow":["GET"]}}],"collection":[{"href":"https:\/\/www.upflinx.com\/de\/wp-json\/wp\/v2\/pages"}],"about":[{"href":"https:\/\/www.upflinx.com\/de\/wp-json\/wp\/v2\/types\/page"}],"author":[{"embeddable":true,"href":"https:\/\/www.upflinx.com\/de\/wp-json\/wp\/v2\/users\/1"}],"replies":[{"embeddable":true,"href":"https:\/\/www.upflinx.com\/de\/wp-json\/wp\/v2\/comments?post=105318"}],"version-history":[{"count":7,"href":"https:\/\/www.upflinx.com\/de\/wp-json\/wp\/v2\/pages\/105318\/revisions"}],"predecessor-version":[{"id":105387,"href":"https:\/\/www.upflinx.com\/de\/wp-json\/wp\/v2\/pages\/105318\/revisions\/105387"}],"wp:attachment":[{"href":"https:\/\/www.upflinx.com\/de\/wp-json\/wp\/v2\/media?parent=105318"}],"curies":[{"name":"wp","href":"https:\/\/api.w.org\/{rel}","templated":true}]}}