{"id":105319,"date":"2024-05-07T19:52:01","date_gmt":"2024-05-07T17:52:01","guid":{"rendered":"https:\/\/www.upflinx.com\/revocation\/"},"modified":"2024-05-28T14:30:14","modified_gmt":"2024-05-28T12:30:14","slug":"widerrufsbelehrung","status":"publish","type":"page","link":"https:\/\/www.upflinx.com\/de\/widerrufsbelehrung\/","title":{"rendered":"Widerrufsbelehrung"},"content":{"rendered":"<div class=\"wpb-content-wrapper\"><p>[vc_row][vc_column width=&#8220;1\/1&#8243;][vc_column_text uncode_shortcode_id=&#8220;402213&#8243;]<\/p>\n<h1>Widerrufsbelehrung f\u00fcr den Erwerb digitaler Inhalte f\u00fcr Verbraucher<br \/>\nWiderrufsrecht<\/h1>\n<p>Sie haben das Recht, binnen vierzehn Tagen ohne Angabe von Gr\u00fcnden diesen Vertrag zu widerrufen. Die Widerrufsfrist betr\u00e4gt vierzehn Tage ab dem Tag des Vertragsschlusses.<\/p>\n<p>Um Ihr Widerrufsrecht auszu\u00fcben, m\u00fcssen Sie uns<\/p>\n<p>Florian Rockt\u00e4schel \u2013 UPFLINX<br \/>\nMarienbongard 24<br \/>\n52062 Aachen<\/p>\n<p>Email: open@upflinx.de<br \/>\nTelefon: +49 (0) 241 89 43 89 17<\/p>\n<p>mittels einer eindeutigen Erkl\u00e4rung (z. B. ein mit der Post versandter Brief oder E-Mail) \u00fcber Ihren Entschluss, diesen Vertrag zu widerrufen, informieren.<\/p>\n<p>Zur Wahrung der Widerrufsfrist reicht es aus, dass Sie die Mitteilung \u00fcber die Aus\u00fcbung des Widerrufsrechts vor Ablauf der Widerrufsfrist absenden.<\/p>\n<h2>Folgen des Widerrufs<\/h2>\n<p>Wenn Sie diesen Vertrag widerrufen, haben wir Ihnen alle Zahlungen, die wir von Ihnen erhalten haben, einschlie\u00dflich der Lieferkosten (mit Ausnahme der zus\u00e4tzlichen Kosten, die sich daraus ergeben, dass Sie eine andere Art der Lieferung als die von uns angebotene, g\u00fcnstigste Standardlieferung gew\u00e4hlt haben), unverz\u00fcglich und sp\u00e4testens binnen vierzehn Tagen ab dem Tag zur\u00fcckzuzahlen, an dem die Mitteilung \u00fcber Ihren Widerruf dieses Vertrags bei uns eingegangen ist. F\u00fcr diese R\u00fcckzahlung verwenden wir dasselbe Zahlungsmittel, das Sie bei der urspr\u00fcnglichen Transaktion eingesetzt haben, es sei denn, mit Ihnen wurde ausdr\u00fccklich etwas anderes vereinbart; in keinem Fall werden Ihnen wegen dieser R\u00fcckzahlung Entgelte berechnet.<\/p>\n<h2>Erl\u00f6schen des Widerrufsrechts<\/h2>\n<p>Das Widerrufsrecht erlischt bei einem Vertrag \u00fcber die Lieferung von nicht auf einem k\u00f6rperlichen Datentr\u00e4ger befindlichen digitalen Inhalten, wenn wir mit der Ausf\u00fchrung des Vertrags begonnen haben, nachdem Sie ausdr\u00fccklich zugestimmt haben, dass wir mit der Ausf\u00fchrung des Vertrags vor Ablauf der Widerrufsfrist beginnen, und Ihre Kenntnis davon best\u00e4tigt haben, dass Sie durch Ihre Zustimmung mit Beginn der Ausf\u00fchrung des Vertrags Ihr Widerrufsrecht verlieren.[\/vc_column_text][\/vc_column][\/vc_row]<\/p>\n<\/div>","protected":false},"excerpt":{"rendered":"<p>[vc_row][vc_column width=&#8220;1\/1&#8243;][vc_column_text uncode_shortcode_id=&#8220;402213&#8243;] Widerrufsbelehrung f\u00fcr den Erwerb digitaler Inhalte f\u00fcr Verbraucher Widerrufsrecht Sie haben das Recht, binnen vierzehn Tagen ohne [&hellip;]<\/p>\n","protected":false},"author":1,"featured_media":0,"parent":0,"menu_order":0,"comment_status":"closed","ping_status":"closed","template":"","meta":{"_acf_changed":false,"footnotes":""},"class_list":["post-105319","page","type-page","status-publish","hentry"],"acf":[],"yoast_head":"<!-- This site is optimized with the Yoast SEO plugin v27.3 - https:\/\/yoast.com\/product\/yoast-seo-wordpress\/ -->\n<title>Widerrufsbelehrung - UPFLINX<\/title>\n<meta name=\"robots\" content=\"index, follow, max-snippet:-1, max-image-preview:large, max-video-preview:-1\" \/>\n<link rel=\"canonical\" href=\"https:\/\/www.upflinx.com\/de\/widerrufsbelehrung\/\" \/>\n<meta property=\"og:locale\" content=\"de_DE\" \/>\n<meta property=\"og:type\" content=\"article\" \/>\n<meta property=\"og:title\" content=\"Widerrufsbelehrung - UPFLINX\" \/>\n<meta property=\"og:description\" content=\"[vc_row][vc_column width=&#8220;1\/1&#8243;][vc_column_text uncode_shortcode_id=&#8220;402213&#8243;] Widerrufsbelehrung f\u00fcr den Erwerb digitaler Inhalte f\u00fcr Verbraucher Widerrufsrecht Sie haben das Recht, binnen vierzehn Tagen ohne [&hellip;]\" \/>\n<meta property=\"og:url\" content=\"https:\/\/www.upflinx.com\/de\/widerrufsbelehrung\/\" \/>\n<meta property=\"og:site_name\" content=\"UPFLINX\" \/>\n<meta property=\"article:publisher\" content=\"https:\/\/www.facebook.com\/profile.php?id=100089848283873\" \/>\n<meta property=\"article:modified_time\" content=\"2024-05-28T12:30:14+00:00\" \/>\n<meta name=\"twitter:card\" content=\"summary_large_image\" \/>\n<meta name=\"twitter:site\" content=\"@upflinx\" \/>\n<script type=\"application\/ld+json\" class=\"yoast-schema-graph\">{\"@context\":\"https:\\\/\\\/schema.org\",\"@graph\":[{\"@type\":\"WebPage\",\"@id\":\"https:\\\/\\\/www.upflinx.com\\\/de\\\/widerrufsbelehrung\\\/\",\"url\":\"https:\\\/\\\/www.upflinx.com\\\/de\\\/widerrufsbelehrung\\\/\",\"name\":\"Widerrufsbelehrung - UPFLINX\",\"isPartOf\":{\"@id\":\"https:\\\/\\\/www.upflinx.com\\\/de\\\/#website\"},\"datePublished\":\"2024-05-07T17:52:01+00:00\",\"dateModified\":\"2024-05-28T12:30:14+00:00\",\"breadcrumb\":{\"@id\":\"https:\\\/\\\/www.upflinx.com\\\/de\\\/widerrufsbelehrung\\\/#breadcrumb\"},\"inLanguage\":\"de\",\"potentialAction\":[{\"@type\":\"ReadAction\",\"target\":[\"https:\\\/\\\/www.upflinx.com\\\/de\\\/widerrufsbelehrung\\\/\"]}]},{\"@type\":\"BreadcrumbList\",\"@id\":\"https:\\\/\\\/www.upflinx.com\\\/de\\\/widerrufsbelehrung\\\/#breadcrumb\",\"itemListElement\":[{\"@type\":\"ListItem\",\"position\":1,\"name\":\"Home\",\"item\":\"https:\\\/\\\/www.upflinx.com\\\/de\\\/\"},{\"@type\":\"ListItem\",\"position\":2,\"name\":\"Widerrufsbelehrung\"}]},{\"@type\":\"WebSite\",\"@id\":\"https:\\\/\\\/www.upflinx.com\\\/de\\\/#website\",\"url\":\"https:\\\/\\\/www.upflinx.com\\\/de\\\/\",\"name\":\"UPFLINX\",\"description\":\"Future of HR with People and AI in Sync\",\"publisher\":{\"@id\":\"https:\\\/\\\/www.upflinx.com\\\/de\\\/#organization\"},\"potentialAction\":[{\"@type\":\"SearchAction\",\"target\":{\"@type\":\"EntryPoint\",\"urlTemplate\":\"https:\\\/\\\/www.upflinx.com\\\/de\\\/?s={search_term_string}\"},\"query-input\":{\"@type\":\"PropertyValueSpecification\",\"valueRequired\":true,\"valueName\":\"search_term_string\"}}],\"inLanguage\":\"de\"},{\"@type\":\"Organization\",\"@id\":\"https:\\\/\\\/www.upflinx.com\\\/de\\\/#organization\",\"name\":\"UPFLINX\",\"url\":\"https:\\\/\\\/www.upflinx.com\\\/de\\\/\",\"logo\":{\"@type\":\"ImageObject\",\"inLanguage\":\"de\",\"@id\":\"https:\\\/\\\/www.upflinx.com\\\/de\\\/#\\\/schema\\\/logo\\\/image\\\/\",\"url\":\"https:\\\/\\\/www.upflinx.com\\\/wp-content\\\/uploads\\\/2023\\\/06\\\/Logo_RGB.png\",\"contentUrl\":\"https:\\\/\\\/www.upflinx.com\\\/wp-content\\\/uploads\\\/2023\\\/06\\\/Logo_RGB.png\",\"width\":1298,\"height\":231,\"caption\":\"UPFLINX\"},\"image\":{\"@id\":\"https:\\\/\\\/www.upflinx.com\\\/de\\\/#\\\/schema\\\/logo\\\/image\\\/\"},\"sameAs\":[\"https:\\\/\\\/www.facebook.com\\\/profile.php?id=100089848283873\",\"https:\\\/\\\/x.com\\\/upflinx\",\"https:\\\/\\\/www.linkedin.com\\\/company\\\/upflinx\",\"https:\\\/\\\/www.tiktok.com\\\/@upflinx\"]}]}<\/script>\n<!-- \/ Yoast SEO plugin. -->","yoast_head_json":{"title":"Widerrufsbelehrung - UPFLINX","robots":{"index":"index","follow":"follow","max-snippet":"max-snippet:-1","max-image-preview":"max-image-preview:large","max-video-preview":"max-video-preview:-1"},"canonical":"https:\/\/www.upflinx.com\/de\/widerrufsbelehrung\/","og_locale":"de_DE","og_type":"article","og_title":"Widerrufsbelehrung - UPFLINX","og_description":"[vc_row][vc_column width=&#8220;1\/1&#8243;][vc_column_text uncode_shortcode_id=&#8220;402213&#8243;] Widerrufsbelehrung f\u00fcr den Erwerb digitaler Inhalte f\u00fcr Verbraucher Widerrufsrecht Sie haben das Recht, binnen vierzehn Tagen ohne [&hellip;]","og_url":"https:\/\/www.upflinx.com\/de\/widerrufsbelehrung\/","og_site_name":"UPFLINX","article_publisher":"https:\/\/www.facebook.com\/profile.php?id=100089848283873","article_modified_time":"2024-05-28T12:30:14+00:00","twitter_card":"summary_large_image","twitter_site":"@upflinx","schema":{"@context":"https:\/\/schema.org","@graph":[{"@type":"WebPage","@id":"https:\/\/www.upflinx.com\/de\/widerrufsbelehrung\/","url":"https:\/\/www.upflinx.com\/de\/widerrufsbelehrung\/","name":"Widerrufsbelehrung - UPFLINX","isPartOf":{"@id":"https:\/\/www.upflinx.com\/de\/#website"},"datePublished":"2024-05-07T17:52:01+00:00","dateModified":"2024-05-28T12:30:14+00:00","breadcrumb":{"@id":"https:\/\/www.upflinx.com\/de\/widerrufsbelehrung\/#breadcrumb"},"inLanguage":"de","potentialAction":[{"@type":"ReadAction","target":["https:\/\/www.upflinx.com\/de\/widerrufsbelehrung\/"]}]},{"@type":"BreadcrumbList","@id":"https:\/\/www.upflinx.com\/de\/widerrufsbelehrung\/#breadcrumb","itemListElement":[{"@type":"ListItem","position":1,"name":"Home","item":"https:\/\/www.upflinx.com\/de\/"},{"@type":"ListItem","position":2,"name":"Widerrufsbelehrung"}]},{"@type":"WebSite","@id":"https:\/\/www.upflinx.com\/de\/#website","url":"https:\/\/www.upflinx.com\/de\/","name":"UPFLINX","description":"Future of HR with People and AI in Sync","publisher":{"@id":"https:\/\/www.upflinx.com\/de\/#organization"},"potentialAction":[{"@type":"SearchAction","target":{"@type":"EntryPoint","urlTemplate":"https:\/\/www.upflinx.com\/de\/?s={search_term_string}"},"query-input":{"@type":"PropertyValueSpecification","valueRequired":true,"valueName":"search_term_string"}}],"inLanguage":"de"},{"@type":"Organization","@id":"https:\/\/www.upflinx.com\/de\/#organization","name":"UPFLINX","url":"https:\/\/www.upflinx.com\/de\/","logo":{"@type":"ImageObject","inLanguage":"de","@id":"https:\/\/www.upflinx.com\/de\/#\/schema\/logo\/image\/","url":"https:\/\/www.upflinx.com\/wp-content\/uploads\/2023\/06\/Logo_RGB.png","contentUrl":"https:\/\/www.upflinx.com\/wp-content\/uploads\/2023\/06\/Logo_RGB.png","width":1298,"height":231,"caption":"UPFLINX"},"image":{"@id":"https:\/\/www.upflinx.com\/de\/#\/schema\/logo\/image\/"},"sameAs":["https:\/\/www.facebook.com\/profile.php?id=100089848283873","https:\/\/x.com\/upflinx","https:\/\/www.linkedin.com\/company\/upflinx","https:\/\/www.tiktok.com\/@upflinx"]}]}},"featured_image_src":null,"featured_image_src_square":null,"_links":{"self":[{"href":"https:\/\/www.upflinx.com\/de\/wp-json\/wp\/v2\/pages\/105319","targetHints":{"allow":["GET"]}}],"collection":[{"href":"https:\/\/www.upflinx.com\/de\/wp-json\/wp\/v2\/pages"}],"about":[{"href":"https:\/\/www.upflinx.com\/de\/wp-json\/wp\/v2\/types\/page"}],"author":[{"embeddable":true,"href":"https:\/\/www.upflinx.com\/de\/wp-json\/wp\/v2\/users\/1"}],"replies":[{"embeddable":true,"href":"https:\/\/www.upflinx.com\/de\/wp-json\/wp\/v2\/comments?post=105319"}],"version-history":[{"count":3,"href":"https:\/\/www.upflinx.com\/de\/wp-json\/wp\/v2\/pages\/105319\/revisions"}],"predecessor-version":[{"id":105364,"href":"https:\/\/www.upflinx.com\/de\/wp-json\/wp\/v2\/pages\/105319\/revisions\/105364"}],"wp:attachment":[{"href":"https:\/\/www.upflinx.com\/de\/wp-json\/wp\/v2\/media?parent=105319"}],"curies":[{"name":"wp","href":"https:\/\/api.w.org\/{rel}","templated":true}]}}