{"id":105323,"date":"2024-05-07T19:52:01","date_gmt":"2024-05-07T17:52:01","guid":{"rendered":"https:\/\/www.upflinx.com\/review-authenticity\/"},"modified":"2024-05-28T21:33:22","modified_gmt":"2024-05-28T19:33:22","slug":"echtheit-bewertungen","status":"publish","type":"page","link":"https:\/\/www.upflinx.com\/de\/echtheit-bewertungen\/","title":{"rendered":"Echtheit von Bewertungen"},"content":{"rendered":"<div class=\"wpb-content-wrapper\"><p>[vc_row][vc_column width=&#8220;1\/1&#8243;][vc_column_text uncode_shortcode_id=&#8220;169570&#8243;]<\/p>\n<h1>Echtheit von Bewertungen<\/h1>\n<p>Wir bei Florian Rockt\u00e4schel \u2013 UPFLINX legen gro\u00dfen Wert auf die Transparenz und Glaubw\u00fcrdigkeit der Bewertungen unserer Produkte und Dienstleistungen. Im Folgenden erfahren Sie, wie wir die Echtheit der Bewertungen sicherstellen:<\/p>\n<h2>Verifizierung von Bewertungen<\/h2>\n<p>Um sicherzustellen, dass nur authentische Bewertungen auf unserer Website erscheinen, haben wir folgende Ma\u00dfnahmen implementiert:<\/p>\n<p>Kundenidentifikation: Nur verifizierte Kunden, die unsere Produkte tats\u00e4chlich gekauft haben, k\u00f6nnen eine Bewertung abgeben. Hierf\u00fcr nutzen wir die E-Mail-Adresse, die bei der Bestellung verwendet wurde.<br \/>\nEindeutige Bestellnummer: Jede Bewertung muss mit einer g\u00fcltigen Bestellnummer verkn\u00fcpft sein, um sicherzustellen, dass die Bewertung von einem echten Kauf stammt.<\/p>\n<h2>Moderation von Bewertungen<\/h2>\n<p>Wir moderieren alle eingereichten Bewertungen, um sicherzustellen, dass sie den folgenden Richtlinien entsprechen:<\/p>\n<p>Relevanz: Bewertungen m\u00fcssen sich auf das tats\u00e4chlich gekaufte Produkt oder die in Anspruch genommene Dienstleistung beziehen.<br \/>\nRespektvoller Umgang: Wir akzeptieren keine Bewertungen, die beleidigend, diskriminierend oder unangemessen sind.<br \/>\nEchtheit: Bewertungen, die offensichtlich gef\u00e4lscht oder irref\u00fchrend sind, werden nicht ver\u00f6ffentlicht.<\/p>\n<h2>Keine Anreize f\u00fcr Bewertungen<\/h2>\n<p>Wir bieten keine finanziellen Anreize oder andere Verg\u00fctungen f\u00fcr das Abgeben von Bewertungen. Unsere Kunden sollen ihre ehrliche Meinung teilen, ohne durch externe Faktoren beeinflusst zu werden.<\/p>\n<h2>Transparenz<\/h2>\n<p>Alle Bewertungen, ob positiv oder negativ, werden ver\u00f6ffentlicht, sofern sie unseren Moderationsrichtlinien entsprechen. Wir glauben, dass auch kritische R\u00fcckmeldungen wichtig sind, um unsere Produkte und Dienstleistungen kontinuierlich zu verbessern.<\/p>\n<h2>Kontakt bei Fragen<\/h2>\n<p>Sollten Sie Fragen zu unseren Bewertungsrichtlinien oder zur Echtheit von Bewertungen haben, k\u00f6nnen Sie sich jederzeit an uns wenden. Sie erreichen uns unter:<\/p>\n<p>Florian Rockt\u00e4schel \u2013 UPFLINX<br \/>\nFlorian Rockt\u00e4schel<br \/>\nMarienbongard 24<br \/>\n52062 Aachen<br \/>\nDeutschland<\/p>\n<p>Telefon: +49 (0) 241 89 43 89 17<br \/>\nE-Mail: open@upflinx.de[\/vc_column_text][\/vc_column][\/vc_row]<\/p>\n<\/div>","protected":false},"excerpt":{"rendered":"<p>[vc_row][vc_column width=&#8220;1\/1&#8243;][vc_column_text uncode_shortcode_id=&#8220;169570&#8243;] Echtheit von Bewertungen Wir bei Florian Rockt\u00e4schel \u2013 UPFLINX legen gro\u00dfen Wert auf die Transparenz und Glaubw\u00fcrdigkeit [&hellip;]<\/p>\n","protected":false},"author":1,"featured_media":0,"parent":0,"menu_order":0,"comment_status":"closed","ping_status":"closed","template":"","meta":{"_acf_changed":false,"footnotes":""},"class_list":["post-105323","page","type-page","status-publish","hentry"],"acf":[],"yoast_head":"<!-- This site is optimized with the Yoast SEO plugin v27.3 - https:\/\/yoast.com\/product\/yoast-seo-wordpress\/ -->\n<title>Echtheit von Bewertungen - UPFLINX<\/title>\n<meta name=\"robots\" content=\"index, follow, max-snippet:-1, max-image-preview:large, max-video-preview:-1\" \/>\n<link rel=\"canonical\" href=\"https:\/\/www.upflinx.com\/de\/echtheit-bewertungen\/\" \/>\n<meta property=\"og:locale\" content=\"de_DE\" \/>\n<meta property=\"og:type\" content=\"article\" \/>\n<meta property=\"og:title\" content=\"Echtheit von Bewertungen - UPFLINX\" \/>\n<meta property=\"og:description\" content=\"[vc_row][vc_column width=&#8220;1\/1&#8243;][vc_column_text uncode_shortcode_id=&#8220;169570&#8243;] Echtheit von Bewertungen Wir bei Florian Rockt\u00e4schel \u2013 UPFLINX legen gro\u00dfen Wert auf die Transparenz und Glaubw\u00fcrdigkeit [&hellip;]\" \/>\n<meta property=\"og:url\" content=\"https:\/\/www.upflinx.com\/de\/echtheit-bewertungen\/\" \/>\n<meta property=\"og:site_name\" content=\"UPFLINX\" \/>\n<meta property=\"article:publisher\" content=\"https:\/\/www.facebook.com\/profile.php?id=100089848283873\" \/>\n<meta property=\"article:modified_time\" content=\"2024-05-28T19:33:22+00:00\" \/>\n<meta name=\"twitter:card\" content=\"summary_large_image\" \/>\n<meta name=\"twitter:site\" content=\"@upflinx\" \/>\n<script type=\"application\/ld+json\" class=\"yoast-schema-graph\">{\"@context\":\"https:\\\/\\\/schema.org\",\"@graph\":[{\"@type\":\"WebPage\",\"@id\":\"https:\\\/\\\/www.upflinx.com\\\/de\\\/echtheit-bewertungen\\\/\",\"url\":\"https:\\\/\\\/www.upflinx.com\\\/de\\\/echtheit-bewertungen\\\/\",\"name\":\"Echtheit von Bewertungen - UPFLINX\",\"isPartOf\":{\"@id\":\"https:\\\/\\\/www.upflinx.com\\\/de\\\/#website\"},\"datePublished\":\"2024-05-07T17:52:01+00:00\",\"dateModified\":\"2024-05-28T19:33:22+00:00\",\"breadcrumb\":{\"@id\":\"https:\\\/\\\/www.upflinx.com\\\/de\\\/echtheit-bewertungen\\\/#breadcrumb\"},\"inLanguage\":\"de\",\"potentialAction\":[{\"@type\":\"ReadAction\",\"target\":[\"https:\\\/\\\/www.upflinx.com\\\/de\\\/echtheit-bewertungen\\\/\"]}]},{\"@type\":\"BreadcrumbList\",\"@id\":\"https:\\\/\\\/www.upflinx.com\\\/de\\\/echtheit-bewertungen\\\/#breadcrumb\",\"itemListElement\":[{\"@type\":\"ListItem\",\"position\":1,\"name\":\"Home\",\"item\":\"https:\\\/\\\/www.upflinx.com\\\/de\\\/\"},{\"@type\":\"ListItem\",\"position\":2,\"name\":\"Echtheit von Bewertungen\"}]},{\"@type\":\"WebSite\",\"@id\":\"https:\\\/\\\/www.upflinx.com\\\/de\\\/#website\",\"url\":\"https:\\\/\\\/www.upflinx.com\\\/de\\\/\",\"name\":\"UPFLINX\",\"description\":\"Future of HR with People and AI in Sync\",\"publisher\":{\"@id\":\"https:\\\/\\\/www.upflinx.com\\\/de\\\/#organization\"},\"potentialAction\":[{\"@type\":\"SearchAction\",\"target\":{\"@type\":\"EntryPoint\",\"urlTemplate\":\"https:\\\/\\\/www.upflinx.com\\\/de\\\/?s={search_term_string}\"},\"query-input\":{\"@type\":\"PropertyValueSpecification\",\"valueRequired\":true,\"valueName\":\"search_term_string\"}}],\"inLanguage\":\"de\"},{\"@type\":\"Organization\",\"@id\":\"https:\\\/\\\/www.upflinx.com\\\/de\\\/#organization\",\"name\":\"UPFLINX\",\"url\":\"https:\\\/\\\/www.upflinx.com\\\/de\\\/\",\"logo\":{\"@type\":\"ImageObject\",\"inLanguage\":\"de\",\"@id\":\"https:\\\/\\\/www.upflinx.com\\\/de\\\/#\\\/schema\\\/logo\\\/image\\\/\",\"url\":\"https:\\\/\\\/www.upflinx.com\\\/wp-content\\\/uploads\\\/2023\\\/06\\\/Logo_RGB.png\",\"contentUrl\":\"https:\\\/\\\/www.upflinx.com\\\/wp-content\\\/uploads\\\/2023\\\/06\\\/Logo_RGB.png\",\"width\":1298,\"height\":231,\"caption\":\"UPFLINX\"},\"image\":{\"@id\":\"https:\\\/\\\/www.upflinx.com\\\/de\\\/#\\\/schema\\\/logo\\\/image\\\/\"},\"sameAs\":[\"https:\\\/\\\/www.facebook.com\\\/profile.php?id=100089848283873\",\"https:\\\/\\\/x.com\\\/upflinx\",\"https:\\\/\\\/www.linkedin.com\\\/company\\\/upflinx\",\"https:\\\/\\\/www.tiktok.com\\\/@upflinx\"]}]}<\/script>\n<!-- \/ Yoast SEO plugin. -->","yoast_head_json":{"title":"Echtheit von Bewertungen - UPFLINX","robots":{"index":"index","follow":"follow","max-snippet":"max-snippet:-1","max-image-preview":"max-image-preview:large","max-video-preview":"max-video-preview:-1"},"canonical":"https:\/\/www.upflinx.com\/de\/echtheit-bewertungen\/","og_locale":"de_DE","og_type":"article","og_title":"Echtheit von Bewertungen - UPFLINX","og_description":"[vc_row][vc_column width=&#8220;1\/1&#8243;][vc_column_text uncode_shortcode_id=&#8220;169570&#8243;] Echtheit von Bewertungen Wir bei Florian Rockt\u00e4schel \u2013 UPFLINX legen gro\u00dfen Wert auf die Transparenz und Glaubw\u00fcrdigkeit [&hellip;]","og_url":"https:\/\/www.upflinx.com\/de\/echtheit-bewertungen\/","og_site_name":"UPFLINX","article_publisher":"https:\/\/www.facebook.com\/profile.php?id=100089848283873","article_modified_time":"2024-05-28T19:33:22+00:00","twitter_card":"summary_large_image","twitter_site":"@upflinx","schema":{"@context":"https:\/\/schema.org","@graph":[{"@type":"WebPage","@id":"https:\/\/www.upflinx.com\/de\/echtheit-bewertungen\/","url":"https:\/\/www.upflinx.com\/de\/echtheit-bewertungen\/","name":"Echtheit von Bewertungen - UPFLINX","isPartOf":{"@id":"https:\/\/www.upflinx.com\/de\/#website"},"datePublished":"2024-05-07T17:52:01+00:00","dateModified":"2024-05-28T19:33:22+00:00","breadcrumb":{"@id":"https:\/\/www.upflinx.com\/de\/echtheit-bewertungen\/#breadcrumb"},"inLanguage":"de","potentialAction":[{"@type":"ReadAction","target":["https:\/\/www.upflinx.com\/de\/echtheit-bewertungen\/"]}]},{"@type":"BreadcrumbList","@id":"https:\/\/www.upflinx.com\/de\/echtheit-bewertungen\/#breadcrumb","itemListElement":[{"@type":"ListItem","position":1,"name":"Home","item":"https:\/\/www.upflinx.com\/de\/"},{"@type":"ListItem","position":2,"name":"Echtheit von Bewertungen"}]},{"@type":"WebSite","@id":"https:\/\/www.upflinx.com\/de\/#website","url":"https:\/\/www.upflinx.com\/de\/","name":"UPFLINX","description":"Future of HR with People and AI in Sync","publisher":{"@id":"https:\/\/www.upflinx.com\/de\/#organization"},"potentialAction":[{"@type":"SearchAction","target":{"@type":"EntryPoint","urlTemplate":"https:\/\/www.upflinx.com\/de\/?s={search_term_string}"},"query-input":{"@type":"PropertyValueSpecification","valueRequired":true,"valueName":"search_term_string"}}],"inLanguage":"de"},{"@type":"Organization","@id":"https:\/\/www.upflinx.com\/de\/#organization","name":"UPFLINX","url":"https:\/\/www.upflinx.com\/de\/","logo":{"@type":"ImageObject","inLanguage":"de","@id":"https:\/\/www.upflinx.com\/de\/#\/schema\/logo\/image\/","url":"https:\/\/www.upflinx.com\/wp-content\/uploads\/2023\/06\/Logo_RGB.png","contentUrl":"https:\/\/www.upflinx.com\/wp-content\/uploads\/2023\/06\/Logo_RGB.png","width":1298,"height":231,"caption":"UPFLINX"},"image":{"@id":"https:\/\/www.upflinx.com\/de\/#\/schema\/logo\/image\/"},"sameAs":["https:\/\/www.facebook.com\/profile.php?id=100089848283873","https:\/\/x.com\/upflinx","https:\/\/www.linkedin.com\/company\/upflinx","https:\/\/www.tiktok.com\/@upflinx"]}]}},"featured_image_src":null,"featured_image_src_square":null,"_links":{"self":[{"href":"https:\/\/www.upflinx.com\/de\/wp-json\/wp\/v2\/pages\/105323","targetHints":{"allow":["GET"]}}],"collection":[{"href":"https:\/\/www.upflinx.com\/de\/wp-json\/wp\/v2\/pages"}],"about":[{"href":"https:\/\/www.upflinx.com\/de\/wp-json\/wp\/v2\/types\/page"}],"author":[{"embeddable":true,"href":"https:\/\/www.upflinx.com\/de\/wp-json\/wp\/v2\/users\/1"}],"replies":[{"embeddable":true,"href":"https:\/\/www.upflinx.com\/de\/wp-json\/wp\/v2\/comments?post=105323"}],"version-history":[{"count":3,"href":"https:\/\/www.upflinx.com\/de\/wp-json\/wp\/v2\/pages\/105323\/revisions"}],"predecessor-version":[{"id":105420,"href":"https:\/\/www.upflinx.com\/de\/wp-json\/wp\/v2\/pages\/105323\/revisions\/105420"}],"wp:attachment":[{"href":"https:\/\/www.upflinx.com\/de\/wp-json\/wp\/v2\/media?parent=105323"}],"curies":[{"name":"wp","href":"https:\/\/api.w.org\/{rel}","templated":true}]}}